{"id":89,"date":"2020-05-09T22:38:17","date_gmt":"2020-05-09T20:38:17","guid":{"rendered":"http:\/\/chassang.net\/?page_id=89"},"modified":"2020-05-09T22:38:17","modified_gmt":"2020-05-09T20:38:17","slug":"herpetologie","status":"publish","type":"page","link":"https:\/\/chassang.net\/?page_id=89","title":{"rendered":"Herp\u00e9tologie"},"content":{"rendered":"\n<p>C&#8217;est la connaissance des batraciens (aussi appel\u00e9s amphibiens) et reptiles.<\/p>\n\n\n\n<p>La classe des batraciens comporte deux ordres :<\/p>\n\n\n\n<p>Les urod\u00e8les : familles des salamandres, tritons, euproctes&#8230;<\/p>\n\n\n\n<p>Les anoures : familles des grenouilles, rainettes, crapauds, alytes, sonneurs, p\u00e9lodytes, p\u00e9lobates, discoglosses&#8230;<\/p>\n\n\n\n<p>La classe des reptiles comporte trois ordres ou sous-ordres :<\/p>\n\n\n\n<p>Les tortues (ch\u00e9loniens) : terrestres et aquatiques<\/p>\n\n\n\n<p>Les &#8220;l\u00e9zards&#8221; (sauriens) : familles des l\u00e9zards vrais, tarentes, h\u00e9midactyles, orvets, seps&#8230;<\/p>\n\n\n\n<p>Les serpents (ophidiens) : familles des couleuvres, vip\u00e8res&#8230;<\/p>\n","protected":false},"excerpt":{"rendered":"<p>C&#8217;est la connaissance des batraciens (aussi appel\u00e9s amphibiens) et reptiles. La classe des batraciens comporte deux ordres : Les urod\u00e8les : familles des salamandres, tritons, euproctes&#8230; Les anoures : familles des grenouilles, rainettes, crapauds, alytes, sonneurs, p\u00e9lodytes, p\u00e9lobates, discoglosses&#8230; La <a class=\"more-link\" href=\"https:\/\/chassang.net\/?page_id=89\">Continue reading <span class=\"screen-reader-text\">  Herp\u00e9tologie<\/span><span class=\"meta-nav\">&rarr;<\/span><\/a><\/p>\n","protected":false},"author":1,"featured_media":0,"parent":0,"menu_order":0,"comment_status":"closed","ping_status":"closed","template":"","meta":{"footnotes":""},"class_list":["post-89","page","type-page","status-publish","hentry"],"_links":{"self":[{"href":"https:\/\/chassang.net\/index.php?rest_route=\/wp\/v2\/pages\/89","targetHints":{"allow":["GET"]}}],"collection":[{"href":"https:\/\/chassang.net\/index.php?rest_route=\/wp\/v2\/pages"}],"about":[{"href":"https:\/\/chassang.net\/index.php?rest_route=\/wp\/v2\/types\/page"}],"author":[{"embeddable":true,"href":"https:\/\/chassang.net\/index.php?rest_route=\/wp\/v2\/users\/1"}],"replies":[{"embeddable":true,"href":"https:\/\/chassang.net\/index.php?rest_route=%2Fwp%2Fv2%2Fcomments&post=89"}],"version-history":[{"count":1,"href":"https:\/\/chassang.net\/index.php?rest_route=\/wp\/v2\/pages\/89\/revisions"}],"predecessor-version":[{"id":91,"href":"https:\/\/chassang.net\/index.php?rest_route=\/wp\/v2\/pages\/89\/revisions\/91"}],"wp:attachment":[{"href":"https:\/\/chassang.net\/index.php?rest_route=%2Fwp%2Fv2%2Fmedia&parent=89"}],"curies":[{"name":"wp","href":"https:\/\/api.w.org\/{rel}","templated":true}]}}