{"id":191,"date":"2020-05-12T00:47:48","date_gmt":"2020-05-11T22:47:48","guid":{"rendered":"http:\/\/chassang.net\/?page_id=191"},"modified":"2020-05-13T09:04:57","modified_gmt":"2020-05-13T07:04:57","slug":"bonjour","status":"publish","type":"page","link":"https:\/\/chassang.net\/","title":{"rendered":"Bienvenue"},"content":{"rendered":"\n<p><strong>Mon site perso : un recueil de quelques observations et r\u00e9flexions \u00e0 partager&#8230;<\/strong><\/p>\n\n\n\n<p>Elles sont accessibles :<\/p>\n\n\n\n<ul class=\"wp-block-list\"><li>Soit par classement dans le menu du haut<\/li><li>Soit par ordre alphab\u00e9tique dans l&#8217;index \u00e0 droite<\/li><li>Soit dans le champ de recherche<\/li><\/ul>\n\n\n\n<p>Soit encore \u00e0 partir de la galerie photo ci-dessous :<\/p>\n\n\n\n<figure class=\"wp-block-gallery columns-3 is-cropped wp-block-gallery-1 is-layout-flex wp-block-gallery-is-layout-flex\"><ul class=\"blocks-gallery-grid\"><li class=\"blocks-gallery-item\"><figure><img loading=\"lazy\" decoding=\"async\" width=\"328\" height=\"232\" src=\"http:\/\/chassang.net\/wp-content\/uploads\/2020\/04\/m31.jpg\" alt=\"Galaxie d'Androm\u00e8de\" data-id=\"20\" data-full-url=\"http:\/\/chassang.net\/wp-content\/uploads\/2020\/04\/m31.jpg\" data-link=\"http:\/\/chassang.net\/?attachment_id=20\" class=\"wp-image-20\" srcset=\"https:\/\/chassang.net\/wp-content\/uploads\/2020\/04\/m31.jpg 328w, https:\/\/chassang.net\/wp-content\/uploads\/2020\/04\/m31-300x212.jpg 300w\" sizes=\"auto, (max-width: 328px) 100vw, 328px\" \/><figcaption class=\"blocks-gallery-item__caption\"><a href=\"http:\/\/chassang.net\/?p=36\">http:\/\/chassang.net\/?p=36<\/a><\/figcaption><\/figure><\/li><li class=\"blocks-gallery-item\"><figure><img loading=\"lazy\" decoding=\"async\" width=\"500\" height=\"333\" src=\"http:\/\/chassang.net\/wp-content\/uploads\/2020\/04\/m27.jpg\" alt=\"N\u00e9buleuse Dumbbell\" data-id=\"17\" data-full-url=\"http:\/\/chassang.net\/wp-content\/uploads\/2020\/04\/m27.jpg\" data-link=\"http:\/\/chassang.net\/?attachment_id=17\" class=\"wp-image-17\" srcset=\"https:\/\/chassang.net\/wp-content\/uploads\/2020\/04\/m27.jpg 500w, https:\/\/chassang.net\/wp-content\/uploads\/2020\/04\/m27-300x200.jpg 300w\" sizes=\"auto, (max-width: 500px) 100vw, 500px\" \/><figcaption class=\"blocks-gallery-item__caption\"><a href=\"http:\/\/chassang.net\/?p=56\">http:\/\/chassang.net\/?p=56<\/a><\/figcaption><\/figure><\/li><li class=\"blocks-gallery-item\"><figure><img loading=\"lazy\" decoding=\"async\" width=\"500\" height=\"367\" src=\"http:\/\/chassang.net\/wp-content\/uploads\/2020\/05\/Jaseur-bor\u00e9al-03.jpg\" alt=\"\" data-id=\"168\" data-full-url=\"http:\/\/chassang.net\/wp-content\/uploads\/2020\/05\/Jaseur-bor\u00e9al-03.jpg\" data-link=\"http:\/\/chassang.net\/?attachment_id=168\" class=\"wp-image-168\" srcset=\"https:\/\/chassang.net\/wp-content\/uploads\/2020\/05\/Jaseur-bor\u00e9al-03.jpg 500w, https:\/\/chassang.net\/wp-content\/uploads\/2020\/05\/Jaseur-bor\u00e9al-03-300x220.jpg 300w\" sizes=\"auto, (max-width: 500px) 100vw, 500px\" \/><figcaption class=\"blocks-gallery-item__caption\"><a href=\"http:\/\/chassang.net\/?p=48\">http:\/\/chassang.net\/?p=48<\/a><\/figcaption><\/figure><\/li><li class=\"blocks-gallery-item\"><figure><img loading=\"lazy\" decoding=\"async\" width=\"500\" height=\"333\" src=\"http:\/\/chassang.net\/wp-content\/uploads\/2020\/05\/Busard-p\u00e2le-0098-Chassang.jpg\" alt=\"\" data-id=\"154\" data-full-url=\"http:\/\/chassang.net\/wp-content\/uploads\/2020\/05\/Busard-p\u00e2le-0098-Chassang.jpg\" data-link=\"http:\/\/chassang.net\/?attachment_id=154\" class=\"wp-image-154\" srcset=\"https:\/\/chassang.net\/wp-content\/uploads\/2020\/05\/Busard-p\u00e2le-0098-Chassang.jpg 500w, https:\/\/chassang.net\/wp-content\/uploads\/2020\/05\/Busard-p\u00e2le-0098-Chassang-300x200.jpg 300w\" sizes=\"auto, (max-width: 500px) 100vw, 500px\" \/><figcaption class=\"blocks-gallery-item__caption\"><a href=\"http:\/\/chassang.net\/?p=50\">http:\/\/chassang.net\/?p=50<\/a><\/figcaption><\/figure><\/li><li class=\"blocks-gallery-item\"><figure><img loading=\"lazy\" decoding=\"async\" width=\"500\" height=\"328\" src=\"http:\/\/chassang.net\/wp-content\/uploads\/2020\/05\/Buse-f\u00e9roce-0155.jpg\" alt=\"\" data-id=\"145\" data-full-url=\"http:\/\/chassang.net\/wp-content\/uploads\/2020\/05\/Buse-f\u00e9roce-0155.jpg\" data-link=\"http:\/\/chassang.net\/?attachment_id=145\" class=\"wp-image-145\" srcset=\"https:\/\/chassang.net\/wp-content\/uploads\/2020\/05\/Buse-f\u00e9roce-0155.jpg 500w, https:\/\/chassang.net\/wp-content\/uploads\/2020\/05\/Buse-f\u00e9roce-0155-300x197.jpg 300w\" sizes=\"auto, (max-width: 500px) 100vw, 500px\" \/><figcaption class=\"blocks-gallery-item__caption\"><a href=\"http:\/\/chassang.net\/?p=52\">http:\/\/chassang.net\/?p=52<\/a><\/figcaption><\/figure><\/li><li class=\"blocks-gallery-item\"><figure><img loading=\"lazy\" decoding=\"async\" width=\"500\" height=\"339\" src=\"http:\/\/chassang.net\/wp-content\/uploads\/2020\/05\/Bec-crois\u00e9-des-sapins-albinos-2-Pascal-Chassang-20171028-1.jpg\" alt=\"Bec-crois\u00e9 des sapins (albinos)\" data-id=\"142\" data-full-url=\"http:\/\/chassang.net\/wp-content\/uploads\/2020\/05\/Bec-crois\u00e9-des-sapins-albinos-2-Pascal-Chassang-20171028-1.jpg\" data-link=\"http:\/\/chassang.net\/?attachment_id=142\" class=\"wp-image-142\" srcset=\"https:\/\/chassang.net\/wp-content\/uploads\/2020\/05\/Bec-crois\u00e9-des-sapins-albinos-2-Pascal-Chassang-20171028-1.jpg 500w, https:\/\/chassang.net\/wp-content\/uploads\/2020\/05\/Bec-crois\u00e9-des-sapins-albinos-2-Pascal-Chassang-20171028-1-300x203.jpg 300w\" sizes=\"auto, (max-width: 500px) 100vw, 500px\" \/><figcaption class=\"blocks-gallery-item__caption\"><a href=\"http:\/\/chassang.net\/?p=54\">http:\/\/chassang.net\/?p=54<\/a><\/figcaption><\/figure><\/li><li class=\"blocks-gallery-item\"><figure><img loading=\"lazy\" decoding=\"async\" width=\"1002\" height=\"763\" src=\"http:\/\/chassang.net\/wp-content\/uploads\/2020\/04\/pie_grieche_ecorcheur.png\" alt=\"\" data-id=\"22\" data-full-url=\"http:\/\/chassang.net\/wp-content\/uploads\/2020\/04\/pie_grieche_ecorcheur.png\" data-link=\"http:\/\/chassang.net\/?attachment_id=22\" class=\"wp-image-22\" srcset=\"https:\/\/chassang.net\/wp-content\/uploads\/2020\/04\/pie_grieche_ecorcheur.png 1002w, https:\/\/chassang.net\/wp-content\/uploads\/2020\/04\/pie_grieche_ecorcheur-300x228.png 300w, https:\/\/chassang.net\/wp-content\/uploads\/2020\/04\/pie_grieche_ecorcheur-768x585.png 768w\" sizes=\"auto, (max-width: 1002px) 100vw, 1002px\" \/><figcaption class=\"blocks-gallery-item__caption\"><a href=\"http:\/\/chassang.net\/?p=34\">http:\/\/chassang.net\/?p=34<\/a><\/figcaption><\/figure><\/li><\/ul><\/figure>\n","protected":false},"excerpt":{"rendered":"<p>Mon site perso : un recueil de quelques observations et r\u00e9flexions \u00e0 partager&#8230; Elles sont accessibles : Soit par classement dans le menu du haut Soit par ordre alphab\u00e9tique dans l&#8217;index \u00e0 droite Soit dans le champ de recherche Soit <a class=\"more-link\" href=\"https:\/\/chassang.net\/\">Continue reading <span class=\"screen-reader-text\">  Bienvenue<\/span><span class=\"meta-nav\">&rarr;<\/span><\/a><\/p>\n","protected":false},"author":1,"featured_media":0,"parent":0,"menu_order":0,"comment_status":"closed","ping_status":"closed","template":"","meta":{"footnotes":""},"class_list":["post-191","page","type-page","status-publish","hentry"],"_links":{"self":[{"href":"https:\/\/chassang.net\/index.php?rest_route=\/wp\/v2\/pages\/191","targetHints":{"allow":["GET"]}}],"collection":[{"href":"https:\/\/chassang.net\/index.php?rest_route=\/wp\/v2\/pages"}],"about":[{"href":"https:\/\/chassang.net\/index.php?rest_route=\/wp\/v2\/types\/page"}],"author":[{"embeddable":true,"href":"https:\/\/chassang.net\/index.php?rest_route=\/wp\/v2\/users\/1"}],"replies":[{"embeddable":true,"href":"https:\/\/chassang.net\/index.php?rest_route=%2Fwp%2Fv2%2Fcomments&post=191"}],"version-history":[{"count":7,"href":"https:\/\/chassang.net\/index.php?rest_route=\/wp\/v2\/pages\/191\/revisions"}],"predecessor-version":[{"id":228,"href":"https:\/\/chassang.net\/index.php?rest_route=\/wp\/v2\/pages\/191\/revisions\/228"}],"wp:attachment":[{"href":"https:\/\/chassang.net\/index.php?rest_route=%2Fwp%2Fv2%2Fmedia&parent=191"}],"curies":[{"name":"wp","href":"https:\/\/api.w.org\/{rel}","templated":true}]}}