{"id":101,"date":"2020-05-09T22:40:25","date_gmt":"2020-05-09T20:40:25","guid":{"rendered":"http:\/\/chassang.net\/?page_id=101"},"modified":"2020-05-13T09:03:21","modified_gmt":"2020-05-13T07:03:21","slug":"ecologie-integrale","status":"publish","type":"page","link":"https:\/\/chassang.net\/?page_id=101","title":{"rendered":"\u00c9cologie int\u00e9grale"},"content":{"rendered":"\n<p>Quelques liens pour r\u00e9fl\u00e9chir et avancer&#8230;<\/p>\n\n\n\n<ul class=\"wp-block-list\"><li><strong>Covid-19<\/strong> : pistes de r\u00e9flexion constructives propos\u00e9es par Jean-Dominique Michel, anthropologue suisse renomm\u00e9, autour de la pr\u00e9vention sanitaire et de la gestion de crise par les pays d\u00e9velopp\u00e9s lors de la pand\u00e9mie Covid-19<\/li><\/ul>\n\n\n\n<figure class=\"wp-block-embed-youtube wp-block-embed is-type-video is-provider-youtube wp-embed-aspect-16-9 wp-has-aspect-ratio\"><div class=\"wp-block-embed__wrapper\">\nhttps:\/\/www.youtube.com\/watch?v=4MqArCjrkmI\n<\/div><figcaption>Premi\u00e8re partie ci-dessus.<br>Deuxi\u00e8me partie <a href=\"https:\/\/www.youtube.com\/watch?v=O2bKB9MXIK4\">> ici<\/a><\/figcaption><\/figure>\n\n\n\n<ul class=\"wp-block-list\"><li><strong>\u00c9cologie humaine int\u00e9grale<\/strong> : <a href=\"http:\/\/www.tugdualderville.fr\/\">le blog de Tugdual Deville<\/a><\/li><\/ul>\n\n\n\n<ul class=\"wp-block-list\"><li><strong>\u00c9conomie et \u00e9cologie humaine<\/strong> : <a href=\"https:\/\/pierre-yves-gomez.fr\/\">le blog de Pierre-Yves Gomez<\/a><\/li><\/ul>\n\n\n\n<ul class=\"wp-block-list\"><li><strong>Planification familiale<\/strong> <strong>naturelle<\/strong> (PFN) : un mode de vie permettant de limiter, espacer, ou favoriser les naissances. En connaissant sa fertilit\u00e9 au jour le jour, le couple choisit de vivre ses relations sexuelles pendant ses p\u00e9riodes fertiles ou infertiles, selon son d\u00e9sir ou non d\u2019enfant. Il peut ainsi respecter la fertilit\u00e9 de chacun et l\u2019unit\u00e9 inscrite naturellement entre l\u2019union et la procr\u00e9ation.<br>En savoir plus <a href=\"http:\/\/methodesnaturelles.fr\">> methodesnaturelles.fr<\/a><\/li><\/ul>\n\n\n\n<p><\/p>\n","protected":false},"excerpt":{"rendered":"<p>Quelques liens pour r\u00e9fl\u00e9chir et avancer&#8230; Covid-19 : pistes de r\u00e9flexion constructives propos\u00e9es par Jean-Dominique Michel, anthropologue suisse renomm\u00e9, autour de la pr\u00e9vention sanitaire et de la gestion de crise par les pays d\u00e9velopp\u00e9s lors de la pand\u00e9mie Covid-19 \u00c9cologie <a class=\"more-link\" href=\"https:\/\/chassang.net\/?page_id=101\">Continue reading <span class=\"screen-reader-text\">  \u00c9cologie int\u00e9grale<\/span><span class=\"meta-nav\">&rarr;<\/span><\/a><\/p>\n","protected":false},"author":1,"featured_media":0,"parent":0,"menu_order":0,"comment_status":"closed","ping_status":"closed","template":"","meta":{"footnotes":""},"class_list":["post-101","page","type-page","status-publish","hentry"],"_links":{"self":[{"href":"https:\/\/chassang.net\/index.php?rest_route=\/wp\/v2\/pages\/101","targetHints":{"allow":["GET"]}}],"collection":[{"href":"https:\/\/chassang.net\/index.php?rest_route=\/wp\/v2\/pages"}],"about":[{"href":"https:\/\/chassang.net\/index.php?rest_route=\/wp\/v2\/types\/page"}],"author":[{"embeddable":true,"href":"https:\/\/chassang.net\/index.php?rest_route=\/wp\/v2\/users\/1"}],"replies":[{"embeddable":true,"href":"https:\/\/chassang.net\/index.php?rest_route=%2Fwp%2Fv2%2Fcomments&post=101"}],"version-history":[{"count":10,"href":"https:\/\/chassang.net\/index.php?rest_route=\/wp\/v2\/pages\/101\/revisions"}],"predecessor-version":[{"id":227,"href":"https:\/\/chassang.net\/index.php?rest_route=\/wp\/v2\/pages\/101\/revisions\/227"}],"wp:attachment":[{"href":"https:\/\/chassang.net\/index.php?rest_route=%2Fwp%2Fv2%2Fmedia&parent=101"}],"curies":[{"name":"wp","href":"https:\/\/api.w.org\/{rel}","templated":true}]}}